{"id":1801,"date":"2024-02-02T11:10:45","date_gmt":"2024-02-02T10:10:45","guid":{"rendered":"https:\/\/campingkrounebierg.dev.apps.lu\/standard-stellplaetze\/"},"modified":"2025-09-18T16:23:05","modified_gmt":"2025-09-18T14:23:05","slug":"standard-stellplaetze","status":"publish","type":"page","link":"https:\/\/campingkrounebierg.lu\/de\/standard-stellplaetze\/","title":{"rendered":"Standard Stellpl\u00e4tze"},"content":{"rendered":"<p>[et_pb_section fb_built=&#8220;1&#8243; _builder_version=&#8220;4.24.0&#8243; _module_preset=&#8220;default&#8220; global_colors_info=&#8220;{}&#8220;][et_pb_row _builder_version=&#8220;4.24.0&#8243; _module_preset=&#8220;default&#8220; locked=&#8220;off&#8220; global_colors_info=&#8220;{}&#8220;][et_pb_column type=&#8220;4_4&#8243; _builder_version=&#8220;4.24.0&#8243; _module_preset=&#8220;default&#8220; global_colors_info=&#8220;{}&#8220;][et_pb_text _builder_version=&#8220;4.24.0&#8243; _module_preset=&#8220;default&#8220; header_font=&#8220;|||on|||||&#8220; header_text_align=&#8220;center&#8220; header_2_font=&#8220;|||on|||||&#8220; header_2_text_align=&#8220;center&#8220; custom_css_free_form=&#8220;h2 {||      font-family: Atkinson Hyperlegible Regular,Arial,Helvetica,sans-serif;||    font-weight: 200;||}||||h1 {||    font-family: Atkinson Hyperlegible Bold,Arial,Helvetica,sans-serif;||    font-weight: 600;||  font-size:1.5rem;||}||||p {||    color: #bdc230;||||    font-size: 1rem;||    line-height: 1.75rem;||    margin-top: 1rem;||}&#8220; global_colors_info=&#8220;{}&#8220;]<\/p>\n<h1 class=\"uppercase text-2xl mb-8\">STANDARD-STELLPL\u00c4TZE<\/h1>\n<p>[\/et_pb_text][et_pb_text _builder_version=&#8220;4.27.4&#8243; _module_preset=&#8220;default&#8220; text_text_color=&#8220;#d2d834&#8243; text_orientation=&#8220;center&#8220; max_width=&#8220;48rem&#8220; module_alignment=&#8220;center&#8220; global_colors_info=&#8220;{}&#8220;]<\/p>\n<p><span>Unsere gesch\u00fctzten Einzelpl\u00e4tze sind f\u00fcr 16 Ampere Strom ausgelegt. Sie k\u00f6nnen mit uns Kontakt aufnehmen, um weitere Informationen zu erhalten.<\/span><\/p>\n<p>[\/et_pb_text][\/et_pb_column][\/et_pb_row][et_pb_row use_custom_gutter=&#8220;on&#8220; gutter_width=&#8220;2&#8243; _builder_version=&#8220;4.24.0&#8243; _module_preset=&#8220;default&#8220; width=&#8220;100%&#8220; max_width=&#8220;80%&#8220; custom_padding=&#8220;||0px||false|false&#8220; global_colors_info=&#8220;{}&#8220;][et_pb_column type=&#8220;4_4&#8243; _builder_version=&#8220;4.24.0&#8243; _module_preset=&#8220;default&#8220; global_colors_info=&#8220;{}&#8220;][et_pb_gallery gallery_ids=&#8220;26,415,416&#8243; _builder_version=&#8220;4.24.0&#8243; _module_preset=&#8220;7ab42d46-0bfd-42ba-9add-d7f6448963ce&#8220; custom_margin=&#8220;||0px||false|false&#8220; global_colors_info=&#8220;{}&#8220;][\/et_pb_gallery][et_pb_text _builder_version=&#8220;4.24.0&#8243; _module_preset=&#8220;default&#8220; header_2_font=&#8220;|600|||||||&#8220; header_2_text_align=&#8220;center&#8220; global_colors_info=&#8220;{}&#8220;]<\/p>\n<h2>INFORMATIONEN<\/h2>\n<p>[\/et_pb_text][\/et_pb_column][\/et_pb_row][et_pb_row make_equal=&#8220;on&#8220; custom_padding_last_edited=&#8220;on|phone&#8220; _builder_version=&#8220;4.24.0&#8243; _module_preset=&#8220;default&#8220; background_color=&#8220;RGBA(255,255,255,0)&#8220; custom_margin=&#8220;15px||15px||false|false&#8220; custom_padding=&#8220;5px|15px||15px|false|false&#8220; custom_padding_tablet=&#8220;5px|15px||15px|false|false&#8220; custom_padding_phone=&#8220;5px||||false|true&#8220; custom_css_main_element=&#8220;align-items:center;&#8220; border_radii=&#8220;on|0.5rem|0.5rem|0.5rem|0.5rem&#8220; border_width_all=&#8220;2px&#8220; border_color_all=&#8220;#2e457f&#8220; global_module=&#8220;1582&#8243; saved_tabs=&#8220;all&#8220; locked=&#8220;off&#8220; global_colors_info=&#8220;{}&#8220;][et_pb_column type=&#8220;4_4&#8243; _builder_version=&#8220;4.24.0&#8243; _module_preset=&#8220;default&#8220; global_colors_info=&#8220;{}&#8220;][et_pb_text _builder_version=&#8220;4.27.2&#8243; _module_preset=&#8220;default&#8220; text_font_size=&#8220;1.25rem&#8220; header_text_color=&#8220;#39579c&#8220; header_3_text_color=&#8220;#39579c&#8220; header_4_text_color=&#8220;#39579c&#8220; text_orientation=&#8220;center&#8220; custom_margin=&#8220;||0px||false|false&#8220; custom_padding=&#8220;10px||0px||false|false&#8220; custom_css_free_form=&#8220;selector p {||  color:#2e457f!important||}&#8220; global_colors_info=&#8220;{}&#8220;]<\/p>\n<h4><strong>Zahlungsbedingungen:<\/strong><\/h4>\n<p>30% des Gesamtbetrages m\u00fcssen direkt nach der Buchung bezahlt werden.<br \/>Der Restbetrag sp\u00e4testens 8 Wochen vor Urlaubsbeginn.<br \/>Bei Nichtzahlung des Restbetrags wird Ihre Buchung storniert und das im Voraus gezahlte Geld wird nicht zur\u00fcckerstattet.<\/p>\n<p>Ankunft nach 15 Uhr<\/p>\n<p>Abfahrt vor 11 Uhr<\/p>\n<p><strong>Die Verwendung von Plastikfolien auf dem Boden ist verboten<\/strong>. Bitte verwenden Sie luftdurchl\u00e4ssige Materialien. <\/p>\n<p>Parken au\u00dferhalb der Campingsaison: 75\u20ac\/Monat<br \/>Kein Strom, Wasser, Sanit\u00e4ranlagen, \u00dcberwachung etc. Dies alles geschieht auf eigene Verantwortung des jeweiligen Mieters.<\/p>\n<p>[\/et_pb_text][\/et_pb_column][\/et_pb_row][et_pb_row column_structure=&#8220;1_3,1_3,1_3&#8243; _builder_version=&#8220;4.24.0&#8243; _module_preset=&#8220;default&#8220; global_colors_info=&#8220;{}&#8220;][et_pb_column type=&#8220;1_3&#8243; _builder_version=&#8220;4.24.0&#8243; _module_preset=&#8220;default&#8220; global_colors_info=&#8220;{}&#8220;][et_pb_blurb title=&#8220;@ET-DC@eyJkeW5hbWljIjp0cnVlLCJjb250ZW50IjoicG9zdF9tZXRhX2tleSIsInNldHRpbmdzIjp7ImJlZm9yZSI6IjIiLCJhZnRlciI6IiBFcndhY2hzZW5lIiwibWV0YV9rZXkiOiIiLCJlbmFibGVfaHRtbCI6Im9mZiJ9fQ==@&#8220; use_icon=&#8220;on&#8220; font_icon=&#8220;&#xf0c0;||fa||900&#8243; icon_color=&#8220;#000000&#8243; image_icon_background_color=&#8220;RGBA(255,255,255,0)&#8220; icon_placement=&#8220;left&#8220; image_icon_width=&#8220;22px&#8220; _builder_version=&#8220;4.24.0&#8243; _dynamic_attributes=&#8220;title&#8220; _module_preset=&#8220;default&#8220; header_font=&#8220;||||||||&#8220; header_text_align=&#8220;left&#8220; custom_padding=&#8220;0px||0px||false|false&#8220; box_shadow_style=&#8220;none&#8220; global_colors_info=&#8220;{}&#8220;][\/et_pb_blurb][et_pb_blurb title=&#8220;@ET-DC@eyJkeW5hbWljIjp0cnVlLCJjb250ZW50IjoicG9zdF9tZXRhX2tleSIsInNldHRpbmdzIjp7ImJlZm9yZSI6IjEiLCJhZnRlciI6IiBTdHJvbWFuc2NobHVzcyAoMTZBKSIsIm1ldGFfa2V5IjoiIiwiZW5hYmxlX2h0bWwiOiJvZmYifX0=@&#8220; use_icon=&#8220;on&#8220; font_icon=&#8220;&#xf0e7;||fa||900&#8243; icon_color=&#8220;#000000&#8243; image_icon_background_color=&#8220;RGBA(255,255,255,0)&#8220; icon_placement=&#8220;left&#8220; image_icon_width=&#8220;22px&#8220; _builder_version=&#8220;4.27.4&#8243; _dynamic_attributes=&#8220;title&#8220; _module_preset=&#8220;default&#8220; header_font=&#8220;||||||||&#8220; header_text_align=&#8220;left&#8220; custom_padding=&#8220;0px||0px||false|false&#8220; box_shadow_style=&#8220;none&#8220; global_colors_info=&#8220;{}&#8220;][\/et_pb_blurb][\/et_pb_column][et_pb_column type=&#8220;1_3&#8243; _builder_version=&#8220;4.24.0&#8243; _module_preset=&#8220;default&#8220; global_colors_info=&#8220;{}&#8220;][et_pb_blurb title=&#8220;@ET-DC@eyJkeW5hbWljIjp0cnVlLCJjb250ZW50IjoicG9zdF9tZXRhX2tleSIsInNldHRpbmdzIjp7ImJlZm9yZSI6IjEiLCJhZnRlciI6IiBBdXRvIiwibWV0YV9rZXkiOiIiLCJlbmFibGVfaHRtbCI6Im9mZiJ9fQ==@&#8220; use_icon=&#8220;on&#8220; font_icon=&#8220;&#xf1b9;||fa||900&#8243; icon_color=&#8220;#000000&#8243; image_icon_background_color=&#8220;RGBA(255,255,255,0)&#8220; icon_placement=&#8220;left&#8220; image_icon_width=&#8220;22px&#8220; _builder_version=&#8220;4.24.0&#8243; _dynamic_attributes=&#8220;title&#8220; _module_preset=&#8220;default&#8220; header_font=&#8220;||||||||&#8220; header_text_align=&#8220;left&#8220; custom_padding=&#8220;0px||0px||false|false&#8220; box_shadow_style=&#8220;none&#8220; global_colors_info=&#8220;{}&#8220;][\/et_pb_blurb][et_pb_blurb title=&#8220;@ET-DC@eyJkeW5hbWljIjp0cnVlLCJjb250ZW50IjoicG9zdF9tZXRhX2tleSIsInNldHRpbmdzIjp7ImJlZm9yZSI6IjxiPkdyYXRpczwvYj4iLCJhZnRlciI6IiBmXHUwMGZjciBLaW5kZXIgYmlzIDMgSmFocmUiLCJtZXRhX2tleSI6IiIsImVuYWJsZV9odG1sIjoib2ZmIn19@&#8220; use_icon=&#8220;on&#8220; font_icon=&#8220;&#xf77d;||fa||900&#8243; icon_color=&#8220;#000000&#8243; image_icon_background_color=&#8220;RGBA(255,255,255,0)&#8220; icon_placement=&#8220;left&#8220; image_icon_width=&#8220;22px&#8220; _builder_version=&#8220;4.24.0&#8243; _dynamic_attributes=&#8220;title&#8220; _module_preset=&#8220;default&#8220; header_font=&#8220;||||||||&#8220; header_text_align=&#8220;left&#8220; custom_padding=&#8220;0px||0px||false|false&#8220; box_shadow_style=&#8220;none&#8220; global_colors_info=&#8220;{}&#8220;][\/et_pb_blurb][\/et_pb_column][et_pb_column type=&#8220;1_3&#8243; _builder_version=&#8220;4.24.0&#8243; _module_preset=&#8220;default&#8220; global_colors_info=&#8220;{}&#8220;][et_pb_blurb title=&#8220;@ET-DC@eyJkeW5hbWljIjp0cnVlLCJjb250ZW50IjoicG9zdF9tZXRhX2tleSIsInNldHRpbmdzIjp7ImJlZm9yZSI6IjEiLCJhZnRlciI6IiBXb2hud2FnZW4gLyBDYW1wZXIgLyBaZWx0IiwibWV0YV9rZXkiOiIiLCJlbmFibGVfaHRtbCI6Im9mZiJ9fQ==@&#8220; use_icon=&#8220;on&#8220; font_icon=&#8220;&#xf8ff;||fa||900&#8243; icon_color=&#8220;#000000&#8243; image_icon_background_color=&#8220;RGBA(255,255,255,0)&#8220; icon_placement=&#8220;left&#8220; image_icon_width=&#8220;22px&#8220; _builder_version=&#8220;4.24.0&#8243; _dynamic_attributes=&#8220;title&#8220; _module_preset=&#8220;default&#8220; header_font=&#8220;||||||||&#8220; header_text_align=&#8220;left&#8220; custom_padding=&#8220;0px||0px||false|false&#8220; box_shadow_style=&#8220;none&#8220; global_colors_info=&#8220;{}&#8220;][\/et_pb_blurb][\/et_pb_column][\/et_pb_row][et_pb_row _builder_version=&#8220;4.24.0&#8243; _module_preset=&#8220;default&#8220; global_colors_info=&#8220;{}&#8220;][et_pb_column type=&#8220;4_4&#8243; _builder_version=&#8220;4.24.0&#8243; _module_preset=&#8220;default&#8220; global_colors_info=&#8220;{}&#8220;][et_pb_text _builder_version=&#8220;4.24.0&#8243; _module_preset=&#8220;default&#8220; header_2_font=&#8220;|600|||||||&#8220; header_2_text_align=&#8220;center&#8220; global_colors_info=&#8220;{}&#8220;]<\/p>\n<h2>PREIS<\/h2>\n<p>[\/et_pb_text][et_pb_pricing_tables header_background_color=&#8220;#3a559d&#8220; show_bullet=&#8220;off&#8220; featured_table_bullet_color=&#8220;RGBA(255,255,255,0)&#8220; _builder_version=&#8220;4.27.4&#8243; _dynamic_attributes=&#8220;button_url&#8220; _module_preset=&#8220;default&#8220; currency_frequency_text_color=&#8220;#4b5563&#8243; price_text_color=&#8220;#d2d834&#8243; header_font=&#8220;|600|||||||&#8220; header_font_size=&#8220;20px&#8220; header_line_height=&#8220;1.4em&#8220; body_text_align=&#8220;center&#8220; body_line_height=&#8220;1em&#8220; price_font_size=&#8220;70px&#8220; custom_button=&#8220;on&#8220; button_text_color=&#8220;#000000&#8243; button_bg_color=&#8220;#d2d835&#8243; button_border_width=&#8220;0px&#8220; button_font=&#8220;||||||||&#8220; hover_enabled=&#8220;0&#8243; custom_css_pricing_title=&#8220;padding-left:5px;||padding-right:5px;&#8220; border_radii=&#8220;on|0.5rem|0.5rem|0.5rem|0.5rem&#8220; global_module=&#8220;699&#8243; saved_tabs=&#8220;all&#8220; global_colors_info=&#8220;{}&#8220; sticky_enabled=&#8220;0&#8243;][et_pb_pricing_table title=&#8220;30\/03 &#8211; 24\/04, 4\/05 &#8211; 13\/05, 18\/05 &#8211; 21\/05, 26\/05 &#8211; 11\/07, 29\/08 &#8211; 30\/10&#8243; currency=&#8220;\u20ac&#8220; per=&#8220;pro Nacht&#8220; sum=&#8220;26&#8243; button_url=&#8220;@ET-DC@eyJkeW5hbWljIjp0cnVlLCJjb250ZW50IjoicG9zdF9saW5rX3VybF9wYWdlIiwic2V0dGluZ3MiOnsicG9zdF9pZCI6IjUyNSIsImVuYWJsZV9odG1sIjoib2ZmIn19@&#8220; button_text=&#8220;Buchen&#8220; _builder_version=&#8220;4.27.4&#8243; _dynamic_attributes=&#8220;button_url&#8220; _module_preset=&#8220;default&#8220; hover_enabled=&#8220;0&#8243; global_colors_info=&#8220;{}&#8220; sticky_transition=&#8220;on&#8220; sticky_enabled=&#8220;0&#8243;]<\/p>\n<p><strong style=\"font-size: 16px;\">Optionen pro Nacht<\/strong><br \/>weiteres Kind (4-13 Jahre): 4,50\u20ac<\/p>\n<p>weiterer Erwachsener (\u00fcber 14 Jahre): 8,00\u20ac<\/p>\n<p>Hund: 3,00\u20ac<\/p>\n<p>[\/et_pb_pricing_table][et_pb_pricing_table title=&#8220;25\/04 &#8211; 3\/05, 14\/05 &#8211; 17\/05, 22\/05 &#8211; 25\/05&#8243; currency=&#8220;\u20ac&#8220; per=&#8220;pro Nacht&#8220; sum=&#8220;29&#8243; button_url=&#8220;@ET-DC@eyJkeW5hbWljIjp0cnVlLCJjb250ZW50IjoicG9zdF9saW5rX3VybF9wYWdlIiwic2V0dGluZ3MiOnsicG9zdF9pZCI6IjUyNSIsImVuYWJsZV9odG1sIjoib2ZmIn19@&#8220; button_text=&#8220;Buchen&#8220; bullet_color=&#8220;RGBA(255,255,255,0)&#8220; _builder_version=&#8220;4.27.4&#8243; _dynamic_attributes=&#8220;button_url&#8220; _module_preset=&#8220;default&#8220; hover_enabled=&#8220;0&#8243; global_colors_info=&#8220;{}&#8220; sticky_transition=&#8220;on&#8220; sticky_enabled=&#8220;0&#8243;]<\/p>\n<p><span><\/span><span><strong style=\"font-size: 16px;\">Optionen pro Nacht<\/strong><\/span><strong style=\"font-size: 16px;\"><span><\/span><\/strong><\/p>\n<p><span>weiteres Kind (4-13 Jahre): 4,50\u20ac<\/span><\/p>\n<p><span>weiterer Erwachsener (\u00fcber 14 Jahre): 8,00\u20ac<\/span><span><\/span><span><\/span><span><\/span><\/p>\n<p>Hund: 3.00 \u20ac<\/p>\n<p>[\/et_pb_pricing_table][et_pb_pricing_table title=&#8220;12\/07 &#8211; 28\/08&#8243; currency=&#8220;\u20ac&#8220; per=&#8220;pro Nacht&#8220; sum=&#8220;38&#8243; button_url=&#8220;@ET-DC@eyJkeW5hbWljIjp0cnVlLCJjb250ZW50IjoicG9zdF9saW5rX3VybF9wYWdlIiwic2V0dGluZ3MiOnsicG9zdF9pZCI6IjUyNSIsImVuYWJsZV9odG1sIjoib2ZmIn19@&#8220; button_text=&#8220;Buchen&#8220; _builder_version=&#8220;4.27.4&#8243; _dynamic_attributes=&#8220;button_url&#8220; _module_preset=&#8220;default&#8220; hover_enabled=&#8220;0&#8243; global_colors_info=&#8220;{}&#8220; sticky_transition=&#8220;on&#8220; sticky_enabled=&#8220;0&#8243;]<\/p>\n<p><strong style=\"font-size: 16px;\">Optionen pro Nacht<\/strong><br \/>weiteres Kind (4-13 Jahre): 4,50\u20ac<\/p>\n<p>weiterer Erwachsener (\u00fcber 14 Jahre): 8,00\u20ac<\/p>\n<p>Hund: 3,00\u20ac<\/p>\n<p>[\/et_pb_pricing_table][\/et_pb_pricing_tables][\/et_pb_column][\/et_pb_row][et_pb_row _builder_version=&#8220;4.27.2&#8243; _module_preset=&#8220;default&#8220; global_colors_info=&#8220;{}&#8220;][et_pb_column type=&#8220;4_4&#8243; _builder_version=&#8220;4.27.2&#8243; _module_preset=&#8220;default&#8220; global_colors_info=&#8220;{}&#8220;][\/et_pb_column][\/et_pb_row][\/et_pb_section]<\/p>\n","protected":false},"excerpt":{"rendered":"<p>STANDARD-STELLPL\u00c4TZEUnsere gesch\u00fctzten Einzelpl\u00e4tze sind f\u00fcr 16 Ampere Strom ausgelegt. Sie k\u00f6nnen mit uns Kontakt aufnehmen, um weitere Informationen zu erhalten.INFORMATIONENZahlungsbedingungen: 30% des Gesamtbetrages m\u00fcssen direkt nach der Buchung bezahlt werden.Der Restbetrag sp\u00e4testens 8 Wochen vor Urlaubsbeginn.Bei Nichtzahlung des Restbetrags wird Ihre Buchung storniert und das im Voraus gezahlte Geld wird nicht zur\u00fcckerstattet. Ankunft nach 15 [&hellip;]<\/p>\n","protected":false},"author":3,"featured_media":0,"parent":0,"menu_order":0,"comment_status":"closed","ping_status":"closed","template":"","meta":{"_et_pb_use_builder":"on","_et_pb_old_content":"","_et_gb_content_width":"","footnotes":""},"class_list":["post-1801","page","type-page","status-publish","hentry"],"yoast_head":"<!-- This site is optimized with the Yoast SEO plugin v27.3 - https:\/\/yoast.com\/product\/yoast-seo-wordpress\/ -->\n<title>Standard Stellpl\u00e4tze - Camping Krounebierg<\/title>\n<meta name=\"robots\" content=\"index, follow, max-snippet:-1, max-image-preview:large, max-video-preview:-1\" \/>\n<link rel=\"canonical\" href=\"https:\/\/campingkrounebierg.lu\/de\/standard-stellplaetze\/\" \/>\n<meta property=\"og:locale\" content=\"de_DE\" \/>\n<meta property=\"og:type\" content=\"article\" \/>\n<meta property=\"og:title\" content=\"Standard Stellpl\u00e4tze - Camping Krounebierg\" \/>\n<meta property=\"og:description\" content=\"STANDARD-STELLPL\u00c4TZEUnsere gesch\u00fctzten Einzelpl\u00e4tze sind f\u00fcr 16 Ampere Strom ausgelegt. Sie k\u00f6nnen mit uns Kontakt aufnehmen, um weitere Informationen zu erhalten.INFORMATIONENZahlungsbedingungen: 30% des Gesamtbetrages m\u00fcssen direkt nach der Buchung bezahlt werden.Der Restbetrag sp\u00e4testens 8 Wochen vor Urlaubsbeginn.Bei Nichtzahlung des Restbetrags wird Ihre Buchung storniert und das im Voraus gezahlte Geld wird nicht zur\u00fcckerstattet. Ankunft nach 15 [&hellip;]\" \/>\n<meta property=\"og:url\" content=\"https:\/\/campingkrounebierg.lu\/de\/standard-stellplaetze\/\" \/>\n<meta property=\"og:site_name\" content=\"Camping Krounebierg\" \/>\n<meta property=\"article:publisher\" content=\"https:\/\/www.facebook.com\/krounebierg\" \/>\n<meta property=\"article:modified_time\" content=\"2025-09-18T14:23:05+00:00\" \/>\n<meta name=\"twitter:card\" content=\"summary_large_image\" \/>\n<meta name=\"twitter:label1\" content=\"Gesch\u00e4tzte Lesezeit\" \/>\n\t<meta name=\"twitter:data1\" content=\"7\u00a0Minuten\" \/>\n<script type=\"application\/ld+json\" class=\"yoast-schema-graph\">{\"@context\":\"https:\\\/\\\/schema.org\",\"@graph\":[{\"@type\":\"WebPage\",\"@id\":\"https:\\\/\\\/campingkrounebierg.lu\\\/de\\\/standard-stellplaetze\\\/\",\"url\":\"https:\\\/\\\/campingkrounebierg.lu\\\/de\\\/standard-stellplaetze\\\/\",\"name\":\"Standard Stellpl\u00e4tze - Camping Krounebierg\",\"isPartOf\":{\"@id\":\"https:\\\/\\\/campingkrounebierg.lu\\\/de\\\/#website\"},\"datePublished\":\"2024-02-02T10:10:45+00:00\",\"dateModified\":\"2025-09-18T14:23:05+00:00\",\"breadcrumb\":{\"@id\":\"https:\\\/\\\/campingkrounebierg.lu\\\/de\\\/standard-stellplaetze\\\/#breadcrumb\"},\"inLanguage\":\"de\",\"potentialAction\":[{\"@type\":\"ReadAction\",\"target\":[\"https:\\\/\\\/campingkrounebierg.lu\\\/de\\\/standard-stellplaetze\\\/\"]}]},{\"@type\":\"BreadcrumbList\",\"@id\":\"https:\\\/\\\/campingkrounebierg.lu\\\/de\\\/standard-stellplaetze\\\/#breadcrumb\",\"itemListElement\":[{\"@type\":\"ListItem\",\"position\":1,\"name\":\"Home\",\"item\":\"https:\\\/\\\/campingkrounebierg.lu\\\/de\\\/startseite\\\/\"},{\"@type\":\"ListItem\",\"position\":2,\"name\":\"Standard Stellpl\u00e4tze\"}]},{\"@type\":\"WebSite\",\"@id\":\"https:\\\/\\\/campingkrounebierg.lu\\\/de\\\/#website\",\"url\":\"https:\\\/\\\/campingkrounebierg.lu\\\/de\\\/\",\"name\":\"Camping Krounebierg\",\"description\":\"\",\"publisher\":{\"@id\":\"https:\\\/\\\/campingkrounebierg.lu\\\/de\\\/#organization\"},\"potentialAction\":[{\"@type\":\"SearchAction\",\"target\":{\"@type\":\"EntryPoint\",\"urlTemplate\":\"https:\\\/\\\/campingkrounebierg.lu\\\/de\\\/?s={search_term_string}\"},\"query-input\":{\"@type\":\"PropertyValueSpecification\",\"valueRequired\":true,\"valueName\":\"search_term_string\"}}],\"inLanguage\":\"de\"},{\"@type\":\"Organization\",\"@id\":\"https:\\\/\\\/campingkrounebierg.lu\\\/de\\\/#organization\",\"name\":\"Camping Krounebierg\",\"url\":\"https:\\\/\\\/campingkrounebierg.lu\\\/de\\\/\",\"logo\":{\"@type\":\"ImageObject\",\"inLanguage\":\"de\",\"@id\":\"https:\\\/\\\/campingkrounebierg.lu\\\/de\\\/#\\\/schema\\\/logo\\\/image\\\/\",\"url\":\"https:\\\/\\\/campingkrounebierg.lu\\\/wp-content\\\/uploads\\\/ck_logo_header.png\",\"contentUrl\":\"https:\\\/\\\/campingkrounebierg.lu\\\/wp-content\\\/uploads\\\/ck_logo_header.png\",\"width\":459,\"height\":265,\"caption\":\"Camping Krounebierg\"},\"image\":{\"@id\":\"https:\\\/\\\/campingkrounebierg.lu\\\/de\\\/#\\\/schema\\\/logo\\\/image\\\/\"},\"sameAs\":[\"https:\\\/\\\/www.facebook.com\\\/krounebierg\",\"https:\\\/\\\/www.instagram.com\\\/campingkrounebierg\"]}]}<\/script>\n<!-- \/ Yoast SEO plugin. -->","yoast_head_json":{"title":"Standard Stellpl\u00e4tze - Camping Krounebierg","robots":{"index":"index","follow":"follow","max-snippet":"max-snippet:-1","max-image-preview":"max-image-preview:large","max-video-preview":"max-video-preview:-1"},"canonical":"https:\/\/campingkrounebierg.lu\/de\/standard-stellplaetze\/","og_locale":"de_DE","og_type":"article","og_title":"Standard Stellpl\u00e4tze - Camping Krounebierg","og_description":"STANDARD-STELLPL\u00c4TZEUnsere gesch\u00fctzten Einzelpl\u00e4tze sind f\u00fcr 16 Ampere Strom ausgelegt. Sie k\u00f6nnen mit uns Kontakt aufnehmen, um weitere Informationen zu erhalten.INFORMATIONENZahlungsbedingungen: 30% des Gesamtbetrages m\u00fcssen direkt nach der Buchung bezahlt werden.Der Restbetrag sp\u00e4testens 8 Wochen vor Urlaubsbeginn.Bei Nichtzahlung des Restbetrags wird Ihre Buchung storniert und das im Voraus gezahlte Geld wird nicht zur\u00fcckerstattet. Ankunft nach 15 [&hellip;]","og_url":"https:\/\/campingkrounebierg.lu\/de\/standard-stellplaetze\/","og_site_name":"Camping Krounebierg","article_publisher":"https:\/\/www.facebook.com\/krounebierg","article_modified_time":"2025-09-18T14:23:05+00:00","twitter_card":"summary_large_image","twitter_misc":{"Gesch\u00e4tzte Lesezeit":"7\u00a0Minuten"},"schema":{"@context":"https:\/\/schema.org","@graph":[{"@type":"WebPage","@id":"https:\/\/campingkrounebierg.lu\/de\/standard-stellplaetze\/","url":"https:\/\/campingkrounebierg.lu\/de\/standard-stellplaetze\/","name":"Standard Stellpl\u00e4tze - Camping Krounebierg","isPartOf":{"@id":"https:\/\/campingkrounebierg.lu\/de\/#website"},"datePublished":"2024-02-02T10:10:45+00:00","dateModified":"2025-09-18T14:23:05+00:00","breadcrumb":{"@id":"https:\/\/campingkrounebierg.lu\/de\/standard-stellplaetze\/#breadcrumb"},"inLanguage":"de","potentialAction":[{"@type":"ReadAction","target":["https:\/\/campingkrounebierg.lu\/de\/standard-stellplaetze\/"]}]},{"@type":"BreadcrumbList","@id":"https:\/\/campingkrounebierg.lu\/de\/standard-stellplaetze\/#breadcrumb","itemListElement":[{"@type":"ListItem","position":1,"name":"Home","item":"https:\/\/campingkrounebierg.lu\/de\/startseite\/"},{"@type":"ListItem","position":2,"name":"Standard Stellpl\u00e4tze"}]},{"@type":"WebSite","@id":"https:\/\/campingkrounebierg.lu\/de\/#website","url":"https:\/\/campingkrounebierg.lu\/de\/","name":"Camping Krounebierg","description":"","publisher":{"@id":"https:\/\/campingkrounebierg.lu\/de\/#organization"},"potentialAction":[{"@type":"SearchAction","target":{"@type":"EntryPoint","urlTemplate":"https:\/\/campingkrounebierg.lu\/de\/?s={search_term_string}"},"query-input":{"@type":"PropertyValueSpecification","valueRequired":true,"valueName":"search_term_string"}}],"inLanguage":"de"},{"@type":"Organization","@id":"https:\/\/campingkrounebierg.lu\/de\/#organization","name":"Camping Krounebierg","url":"https:\/\/campingkrounebierg.lu\/de\/","logo":{"@type":"ImageObject","inLanguage":"de","@id":"https:\/\/campingkrounebierg.lu\/de\/#\/schema\/logo\/image\/","url":"https:\/\/campingkrounebierg.lu\/wp-content\/uploads\/ck_logo_header.png","contentUrl":"https:\/\/campingkrounebierg.lu\/wp-content\/uploads\/ck_logo_header.png","width":459,"height":265,"caption":"Camping Krounebierg"},"image":{"@id":"https:\/\/campingkrounebierg.lu\/de\/#\/schema\/logo\/image\/"},"sameAs":["https:\/\/www.facebook.com\/krounebierg","https:\/\/www.instagram.com\/campingkrounebierg"]}]}},"_links":{"self":[{"href":"https:\/\/campingkrounebierg.lu\/de\/wp-json\/wp\/v2\/pages\/1801","targetHints":{"allow":["GET"]}}],"collection":[{"href":"https:\/\/campingkrounebierg.lu\/de\/wp-json\/wp\/v2\/pages"}],"about":[{"href":"https:\/\/campingkrounebierg.lu\/de\/wp-json\/wp\/v2\/types\/page"}],"author":[{"embeddable":true,"href":"https:\/\/campingkrounebierg.lu\/de\/wp-json\/wp\/v2\/users\/3"}],"replies":[{"embeddable":true,"href":"https:\/\/campingkrounebierg.lu\/de\/wp-json\/wp\/v2\/comments?post=1801"}],"version-history":[{"count":51,"href":"https:\/\/campingkrounebierg.lu\/de\/wp-json\/wp\/v2\/pages\/1801\/revisions"}],"predecessor-version":[{"id":4412,"href":"https:\/\/campingkrounebierg.lu\/de\/wp-json\/wp\/v2\/pages\/1801\/revisions\/4412"}],"wp:attachment":[{"href":"https:\/\/campingkrounebierg.lu\/de\/wp-json\/wp\/v2\/media?parent=1801"}],"curies":[{"name":"wp","href":"https:\/\/api.w.org\/{rel}","templated":true}]}}