{"id":1842,"date":"2024-02-01T15:58:44","date_gmt":"2024-02-01T14:58:44","guid":{"rendered":"https:\/\/campingkrounebierg.dev.apps.lu\/geschaeft\/"},"modified":"2025-03-27T14:46:47","modified_gmt":"2025-03-27T13:46:47","slug":"geschaeft","status":"publish","type":"page","link":"https:\/\/campingkrounebierg.lu\/de\/geschaeft\/","title":{"rendered":"Gesch\u00e4ft"},"content":{"rendered":"<p>[et_pb_section fb_built=&#8220;1&#8243; _builder_version=&#8220;4.24.0&#8243; _module_preset=&#8220;default&#8220; custom_padding=&#8220;0px||0px|||&#8220; locked=&#8220;off&#8220; global_colors_info=&#8220;{}&#8220;][et_pb_row _builder_version=&#8220;4.24.0&#8243; _module_preset=&#8220;default&#8220; width=&#8220;100%&#8220; max_width=&#8220;100%&#8220; custom_padding=&#8220;0px||0px|||&#8220; global_colors_info=&#8220;{}&#8220;][et_pb_column type=&#8220;4_4&#8243; _builder_version=&#8220;4.24.0&#8243; _module_preset=&#8220;default&#8220; global_colors_info=&#8220;{}&#8220;][et_pb_gallery gallery_ids=&#8220;189,190&#8243; fullwidth=&#8220;on&#8220; module_class=&#8220;divi-gallery-slider&#8220; _builder_version=&#8220;4.24.0&#8243; _module_preset=&#8220;_initial&#8220; custom_css_free_form=&#8220;\/*Set the height of the slide image*\/||.divi-gallery-slider .et_pb_gallery_image img {||   height: 600px;||  object-fit: cover;||}||||||\/*Align the slide image to the middle*\/||.divi-gallery-slider .et_pb_gallery_image {||   line-height: 0;||   text-align: center;||}||||||\/*Style the slider previous and next buttons*\/||.divi-gallery-slider a.et-pb-arrow-prev {||   color: #000;||   background: white;||   margin-left: 18px;||}||.divi-gallery-slider a.et-pb-arrow-next {||   color: #000;||   background: white;||   margin-right: 18px;||}||||||||&#8220; border_radii=&#8220;on|0rem|0rem|0rem|0rem&#8220; global_colors_info=&#8220;{}&#8220;][\/et_pb_gallery][\/et_pb_column][\/et_pb_row][\/et_pb_section][et_pb_section fb_built=&#8220;1&#8243; _builder_version=&#8220;4.24.0&#8243; _module_preset=&#8220;default&#8220; global_colors_info=&#8220;{}&#8220;][et_pb_row _builder_version=&#8220;4.24.0&#8243; _module_preset=&#8220;default&#8220; locked=&#8220;off&#8220; global_colors_info=&#8220;{}&#8220;][et_pb_column type=&#8220;4_4&#8243; _builder_version=&#8220;4.24.0&#8243; _module_preset=&#8220;default&#8220; global_colors_info=&#8220;{}&#8220;][et_pb_text _builder_version=&#8220;4.24.0&#8243; _module_preset=&#8220;default&#8220; header_font=&#8220;|||on|||||&#8220; header_text_align=&#8220;center&#8220; header_2_font=&#8220;|||on|||||&#8220; header_2_text_align=&#8220;center&#8220; custom_css_free_form=&#8220;h2 {||      font-family: Atkinson Hyperlegible Regular,Arial,Helvetica,sans-serif;||    font-weight: 200;||}||||h1 {||    font-family: Atkinson Hyperlegible Bold,Arial,Helvetica,sans-serif;||    font-weight: 600;||  font-size:1.5rem;||}||||p {||    color: #bdc230;||||    font-size: 1rem;||    line-height: 1.75rem;||    margin-top: 1rem;||}&#8220; global_colors_info=&#8220;{}&#8220;]<\/p>\n<h1 class=\"uppercase text-2xl mb-8\">GESCH\u00c4FT<\/h1>\n<p>[\/et_pb_text][et_pb_text _builder_version=&#8220;4.27.4&#8243; _module_preset=&#8220;default&#8220; text_text_color=&#8220;#d2d834&#8243; text_orientation=&#8220;center&#8220; max_width=&#8220;48rem&#8220; module_alignment=&#8220;center&#8220; hover_enabled=&#8220;0&#8243; global_colors_info=&#8220;{}&#8220; sticky_enabled=&#8220;0&#8243;]<\/p>\n<p><span>Der Shop des Campingplatzes Krounebierg ist jeden Tag ge\u00f6ffnet. <\/span><span>Frisches selbst gebackenen Br\u00f6tchen und leckere Backwaren, Lebensmittel und Artikel f\u00fcr den t\u00e4glichen und pers\u00f6nlichen Bedarf, souveniers und noch viel mehr finden Sie unserem Shop.<\/span><\/p>\n<p>\u00d6ffnungszeiten w\u00e4hrend der Saison:<br \/>08:00 Uhr &#8211; 17:00 Uhr<br \/>21:00 Uhr &#8211; 22:00 Uhr<\/p>\n<p>[\/et_pb_text][\/et_pb_column][\/et_pb_row][et_pb_row use_custom_gutter=&#8220;on&#8220; gutter_width=&#8220;2&#8243; _builder_version=&#8220;4.24.0&#8243; _module_preset=&#8220;default&#8220; width=&#8220;100%&#8220; max_width=&#8220;80%&#8220; global_colors_info=&#8220;{}&#8220;][et_pb_column type=&#8220;4_4&#8243; _builder_version=&#8220;4.24.0&#8243; _module_preset=&#8220;default&#8220; global_colors_info=&#8220;{}&#8220;][et_pb_gallery gallery_ids=&#8220;193,192,191&#8243; _builder_version=&#8220;4.24.0&#8243; _module_preset=&#8220;7ab42d46-0bfd-42ba-9add-d7f6448963ce&#8220; global_colors_info=&#8220;{}&#8220;][\/et_pb_gallery][\/et_pb_column][\/et_pb_row][\/et_pb_section]<\/p>\n","protected":false},"excerpt":{"rendered":"<p>GESCH\u00c4FTDer Shop des Campingplatzes Krounebierg ist jeden Tag ge\u00f6ffnet. Frisches selbst gebackenen Br\u00f6tchen und leckere Backwaren, Lebensmittel und Artikel f\u00fcr den t\u00e4glichen und pers\u00f6nlichen Bedarf, souveniers und noch viel mehr finden Sie unserem Shop. \u00d6ffnungszeiten w\u00e4hrend der Saison:08:00 Uhr &#8211; 17:00 Uhr21:00 Uhr &#8211; 22:00 Uhr<\/p>\n","protected":false},"author":3,"featured_media":0,"parent":0,"menu_order":0,"comment_status":"closed","ping_status":"closed","template":"","meta":{"_et_pb_use_builder":"on","_et_pb_old_content":"","_et_gb_content_width":"","footnotes":""},"class_list":["post-1842","page","type-page","status-publish","hentry"],"yoast_head":"<!-- This site is optimized with the Yoast SEO plugin v27.3 - https:\/\/yoast.com\/product\/yoast-seo-wordpress\/ -->\n<title>Gesch\u00e4ft - Camping Krounebierg<\/title>\n<meta name=\"robots\" content=\"index, follow, max-snippet:-1, max-image-preview:large, max-video-preview:-1\" \/>\n<link rel=\"canonical\" href=\"https:\/\/campingkrounebierg.lu\/de\/geschaeft\/\" \/>\n<meta property=\"og:locale\" content=\"de_DE\" \/>\n<meta property=\"og:type\" content=\"article\" \/>\n<meta property=\"og:title\" content=\"Gesch\u00e4ft - Camping Krounebierg\" \/>\n<meta property=\"og:description\" content=\"GESCH\u00c4FTDer Shop des Campingplatzes Krounebierg ist jeden Tag ge\u00f6ffnet. Frisches selbst gebackenen Br\u00f6tchen und leckere Backwaren, Lebensmittel und Artikel f\u00fcr den t\u00e4glichen und pers\u00f6nlichen Bedarf, souveniers und noch viel mehr finden Sie unserem Shop. \u00d6ffnungszeiten w\u00e4hrend der Saison:08:00 Uhr - 17:00 Uhr21:00 Uhr - 22:00 Uhr\" \/>\n<meta property=\"og:url\" content=\"https:\/\/campingkrounebierg.lu\/de\/geschaeft\/\" \/>\n<meta property=\"og:site_name\" content=\"Camping Krounebierg\" \/>\n<meta property=\"article:publisher\" content=\"https:\/\/www.facebook.com\/krounebierg\" \/>\n<meta property=\"article:modified_time\" content=\"2025-03-27T13:46:47+00:00\" \/>\n<meta name=\"twitter:card\" content=\"summary_large_image\" \/>\n<meta name=\"twitter:label1\" content=\"Gesch\u00e4tzte Lesezeit\" \/>\n\t<meta name=\"twitter:data1\" content=\"2\u00a0Minuten\" \/>\n<script type=\"application\/ld+json\" class=\"yoast-schema-graph\">{\"@context\":\"https:\\\/\\\/schema.org\",\"@graph\":[{\"@type\":\"WebPage\",\"@id\":\"https:\\\/\\\/campingkrounebierg.lu\\\/de\\\/geschaeft\\\/\",\"url\":\"https:\\\/\\\/campingkrounebierg.lu\\\/de\\\/geschaeft\\\/\",\"name\":\"Gesch\u00e4ft - Camping Krounebierg\",\"isPartOf\":{\"@id\":\"https:\\\/\\\/campingkrounebierg.lu\\\/de\\\/#website\"},\"datePublished\":\"2024-02-01T14:58:44+00:00\",\"dateModified\":\"2025-03-27T13:46:47+00:00\",\"breadcrumb\":{\"@id\":\"https:\\\/\\\/campingkrounebierg.lu\\\/de\\\/geschaeft\\\/#breadcrumb\"},\"inLanguage\":\"de\",\"potentialAction\":[{\"@type\":\"ReadAction\",\"target\":[\"https:\\\/\\\/campingkrounebierg.lu\\\/de\\\/geschaeft\\\/\"]}]},{\"@type\":\"BreadcrumbList\",\"@id\":\"https:\\\/\\\/campingkrounebierg.lu\\\/de\\\/geschaeft\\\/#breadcrumb\",\"itemListElement\":[{\"@type\":\"ListItem\",\"position\":1,\"name\":\"Home\",\"item\":\"https:\\\/\\\/campingkrounebierg.lu\\\/de\\\/startseite\\\/\"},{\"@type\":\"ListItem\",\"position\":2,\"name\":\"Gesch\u00e4ft\"}]},{\"@type\":\"WebSite\",\"@id\":\"https:\\\/\\\/campingkrounebierg.lu\\\/de\\\/#website\",\"url\":\"https:\\\/\\\/campingkrounebierg.lu\\\/de\\\/\",\"name\":\"Camping Krounebierg\",\"description\":\"\",\"publisher\":{\"@id\":\"https:\\\/\\\/campingkrounebierg.lu\\\/de\\\/#organization\"},\"potentialAction\":[{\"@type\":\"SearchAction\",\"target\":{\"@type\":\"EntryPoint\",\"urlTemplate\":\"https:\\\/\\\/campingkrounebierg.lu\\\/de\\\/?s={search_term_string}\"},\"query-input\":{\"@type\":\"PropertyValueSpecification\",\"valueRequired\":true,\"valueName\":\"search_term_string\"}}],\"inLanguage\":\"de\"},{\"@type\":\"Organization\",\"@id\":\"https:\\\/\\\/campingkrounebierg.lu\\\/de\\\/#organization\",\"name\":\"Camping Krounebierg\",\"url\":\"https:\\\/\\\/campingkrounebierg.lu\\\/de\\\/\",\"logo\":{\"@type\":\"ImageObject\",\"inLanguage\":\"de\",\"@id\":\"https:\\\/\\\/campingkrounebierg.lu\\\/de\\\/#\\\/schema\\\/logo\\\/image\\\/\",\"url\":\"https:\\\/\\\/campingkrounebierg.lu\\\/wp-content\\\/uploads\\\/ck_logo_header.png\",\"contentUrl\":\"https:\\\/\\\/campingkrounebierg.lu\\\/wp-content\\\/uploads\\\/ck_logo_header.png\",\"width\":459,\"height\":265,\"caption\":\"Camping Krounebierg\"},\"image\":{\"@id\":\"https:\\\/\\\/campingkrounebierg.lu\\\/de\\\/#\\\/schema\\\/logo\\\/image\\\/\"},\"sameAs\":[\"https:\\\/\\\/www.facebook.com\\\/krounebierg\",\"https:\\\/\\\/www.instagram.com\\\/campingkrounebierg\"]}]}<\/script>\n<!-- \/ Yoast SEO plugin. -->","yoast_head_json":{"title":"Gesch\u00e4ft - Camping Krounebierg","robots":{"index":"index","follow":"follow","max-snippet":"max-snippet:-1","max-image-preview":"max-image-preview:large","max-video-preview":"max-video-preview:-1"},"canonical":"https:\/\/campingkrounebierg.lu\/de\/geschaeft\/","og_locale":"de_DE","og_type":"article","og_title":"Gesch\u00e4ft - Camping Krounebierg","og_description":"GESCH\u00c4FTDer Shop des Campingplatzes Krounebierg ist jeden Tag ge\u00f6ffnet. Frisches selbst gebackenen Br\u00f6tchen und leckere Backwaren, Lebensmittel und Artikel f\u00fcr den t\u00e4glichen und pers\u00f6nlichen Bedarf, souveniers und noch viel mehr finden Sie unserem Shop. \u00d6ffnungszeiten w\u00e4hrend der Saison:08:00 Uhr - 17:00 Uhr21:00 Uhr - 22:00 Uhr","og_url":"https:\/\/campingkrounebierg.lu\/de\/geschaeft\/","og_site_name":"Camping Krounebierg","article_publisher":"https:\/\/www.facebook.com\/krounebierg","article_modified_time":"2025-03-27T13:46:47+00:00","twitter_card":"summary_large_image","twitter_misc":{"Gesch\u00e4tzte Lesezeit":"2\u00a0Minuten"},"schema":{"@context":"https:\/\/schema.org","@graph":[{"@type":"WebPage","@id":"https:\/\/campingkrounebierg.lu\/de\/geschaeft\/","url":"https:\/\/campingkrounebierg.lu\/de\/geschaeft\/","name":"Gesch\u00e4ft - Camping Krounebierg","isPartOf":{"@id":"https:\/\/campingkrounebierg.lu\/de\/#website"},"datePublished":"2024-02-01T14:58:44+00:00","dateModified":"2025-03-27T13:46:47+00:00","breadcrumb":{"@id":"https:\/\/campingkrounebierg.lu\/de\/geschaeft\/#breadcrumb"},"inLanguage":"de","potentialAction":[{"@type":"ReadAction","target":["https:\/\/campingkrounebierg.lu\/de\/geschaeft\/"]}]},{"@type":"BreadcrumbList","@id":"https:\/\/campingkrounebierg.lu\/de\/geschaeft\/#breadcrumb","itemListElement":[{"@type":"ListItem","position":1,"name":"Home","item":"https:\/\/campingkrounebierg.lu\/de\/startseite\/"},{"@type":"ListItem","position":2,"name":"Gesch\u00e4ft"}]},{"@type":"WebSite","@id":"https:\/\/campingkrounebierg.lu\/de\/#website","url":"https:\/\/campingkrounebierg.lu\/de\/","name":"Camping Krounebierg","description":"","publisher":{"@id":"https:\/\/campingkrounebierg.lu\/de\/#organization"},"potentialAction":[{"@type":"SearchAction","target":{"@type":"EntryPoint","urlTemplate":"https:\/\/campingkrounebierg.lu\/de\/?s={search_term_string}"},"query-input":{"@type":"PropertyValueSpecification","valueRequired":true,"valueName":"search_term_string"}}],"inLanguage":"de"},{"@type":"Organization","@id":"https:\/\/campingkrounebierg.lu\/de\/#organization","name":"Camping Krounebierg","url":"https:\/\/campingkrounebierg.lu\/de\/","logo":{"@type":"ImageObject","inLanguage":"de","@id":"https:\/\/campingkrounebierg.lu\/de\/#\/schema\/logo\/image\/","url":"https:\/\/campingkrounebierg.lu\/wp-content\/uploads\/ck_logo_header.png","contentUrl":"https:\/\/campingkrounebierg.lu\/wp-content\/uploads\/ck_logo_header.png","width":459,"height":265,"caption":"Camping Krounebierg"},"image":{"@id":"https:\/\/campingkrounebierg.lu\/de\/#\/schema\/logo\/image\/"},"sameAs":["https:\/\/www.facebook.com\/krounebierg","https:\/\/www.instagram.com\/campingkrounebierg"]}]}},"_links":{"self":[{"href":"https:\/\/campingkrounebierg.lu\/de\/wp-json\/wp\/v2\/pages\/1842","targetHints":{"allow":["GET"]}}],"collection":[{"href":"https:\/\/campingkrounebierg.lu\/de\/wp-json\/wp\/v2\/pages"}],"about":[{"href":"https:\/\/campingkrounebierg.lu\/de\/wp-json\/wp\/v2\/types\/page"}],"author":[{"embeddable":true,"href":"https:\/\/campingkrounebierg.lu\/de\/wp-json\/wp\/v2\/users\/3"}],"replies":[{"embeddable":true,"href":"https:\/\/campingkrounebierg.lu\/de\/wp-json\/wp\/v2\/comments?post=1842"}],"version-history":[{"count":12,"href":"https:\/\/campingkrounebierg.lu\/de\/wp-json\/wp\/v2\/pages\/1842\/revisions"}],"predecessor-version":[{"id":4090,"href":"https:\/\/campingkrounebierg.lu\/de\/wp-json\/wp\/v2\/pages\/1842\/revisions\/4090"}],"wp:attachment":[{"href":"https:\/\/campingkrounebierg.lu\/de\/wp-json\/wp\/v2\/media?parent=1842"}],"curies":[{"name":"wp","href":"https:\/\/api.w.org\/{rel}","templated":true}]}}