{"id":4213,"date":"2025-04-28T10:29:30","date_gmt":"2025-04-28T08:29:30","guid":{"rendered":"https:\/\/campingkrounebierg.lu\/campingregeln\/"},"modified":"2025-04-28T10:40:53","modified_gmt":"2025-04-28T08:40:53","slug":"campingregeln","status":"publish","type":"page","link":"https:\/\/campingkrounebierg.lu\/de\/campingregeln\/","title":{"rendered":"Campingregeln"},"content":{"rendered":"<p>[et_pb_section fb_built=&#8220;1&#8243; _builder_version=&#8220;4.24.0&#8243; _module_preset=&#8220;default&#8220; global_colors_info=&#8220;{}&#8220;][et_pb_row _builder_version=&#8220;4.24.0&#8243; _module_preset=&#8220;default&#8220; locked=&#8220;off&#8220; global_colors_info=&#8220;{}&#8220;][et_pb_column type=&#8220;4_4&#8243; _builder_version=&#8220;4.24.0&#8243; _module_preset=&#8220;default&#8220; global_colors_info=&#8220;{}&#8220;][et_pb_text _builder_version=&#8220;4.27.4&#8243; _module_preset=&#8220;default&#8220; header_font=&#8220;|||on|||||&#8220; header_text_align=&#8220;center&#8220; header_2_font=&#8220;|||on|||||&#8220; header_2_text_align=&#8220;center&#8220; hover_enabled=&#8220;0&#8243; custom_css_free_form=&#8220;h2 {||      font-family: Atkinson Hyperlegible Regular,Arial,Helvetica,sans-serif;||    font-weight: 200;||}||||h1 {||    font-family: Atkinson Hyperlegible Bold,Arial,Helvetica,sans-serif;||    font-weight: 600;||  font-size:1.5rem;||}||||p {||    color: #bdc230;||||    font-size: 1rem;||    line-height: 1.75rem;||    margin-top: 1rem;||}&#8220; global_colors_info=&#8220;{}&#8220; sticky_enabled=&#8220;0&#8243;]<\/p>\n<h1 class=\"uppercase text-2xl mb-8\">CAMPINGREGELN<\/h1>\n<p>[\/et_pb_text][et_pb_text _builder_version=&#8220;4.27.4&#8243; _module_preset=&#8220;default&#8220; text_text_color=&#8220;#d2d834&#8243; text_orientation=&#8220;center&#8220; max_width=&#8220;48rem&#8220; module_alignment=&#8220;center&#8220; hover_enabled=&#8220;0&#8243; global_colors_info=&#8220;{}&#8220; sticky_enabled=&#8220;0&#8243;]<\/p>\n<p class=\"mt-4 text-base leading-7 text-ckolive-600\">Im Interesse der gew\u00fcnschten Funktionsf\u00e4higkeit unseres Campingplatzes bitten wir Sie, die folgenden Campingregeln zu beachten.<\/p>\n<p>[\/et_pb_text][\/et_pb_column][\/et_pb_row][et_pb_row use_custom_gutter=&#8220;on&#8220; gutter_width=&#8220;2&#8243; _builder_version=&#8220;4.24.0&#8243; _module_preset=&#8220;default&#8220; width=&#8220;100%&#8220; max_width=&#8220;80%&#8220; custom_padding=&#8220;||0px||false|false&#8220; global_colors_info=&#8220;{}&#8220;][et_pb_column type=&#8220;4_4&#8243; _builder_version=&#8220;4.24.0&#8243; _module_preset=&#8220;default&#8220; hover_enabled=&#8220;0&#8243; global_colors_info=&#8220;{}&#8220; sticky_enabled=&#8220;0&#8243;][et_pb_gallery gallery_ids=&#8220;200,232,245,268,369,437,485,502&#8243; _builder_version=&#8220;4.27.4&#8243; _module_preset=&#8220;7ab42d46-0bfd-42ba-9add-d7f6448963ce&#8220; hover_enabled=&#8220;0&#8243; global_colors_info=&#8220;{}&#8220; sticky_enabled=&#8220;0&#8243;][\/et_pb_gallery][\/et_pb_column][\/et_pb_row][et_pb_row _builder_version=&#8220;4.24.0&#8243; _module_preset=&#8220;default&#8220; hover_enabled=&#8220;0&#8243; locked=&#8220;off&#8220; global_colors_info=&#8220;{}&#8220; sticky_enabled=&#8220;0&#8243;][et_pb_column type=&#8220;4_4&#8243; _builder_version=&#8220;4.24.0&#8243; _module_preset=&#8220;default&#8220; global_colors_info=&#8220;{}&#8220;][et_pb_text _builder_version=&#8220;4.27.4&#8243; _module_preset=&#8220;default&#8220; hover_enabled=&#8220;0&#8243; sticky_enabled=&#8220;0&#8243;]<\/p>\n<p><strong>Toiletten, Abwasser und Chemikalien <\/strong><\/p>\n<p>Toiletten und Duschen werden gemeinschaftlich genutzt und m\u00fcssen daher in Ordnung gehalten werden. Um Verstopfungen der Abfl\u00fcsse zu vermeiden, werfen Sie keine Abf\u00e4lle, Verb\u00e4nde oder andere feste Materialien in die Waschbecken und Toiletten. Drei Chemietoiletten stehen Ihnen in Gang 3, 6 und 8 zur Verf\u00fcgung.  <\/p>\n<p><strong>Hausm\u00fcll<\/strong><\/p>\n<p>Werfen Sie Hausm\u00fcll nur in geschlossenen M\u00fclls\u00e4cken und in die daf\u00fcr vorgesehenen Beh\u00e4lter. Der rote Container ist f\u00fcr Hausm\u00fcll, der gelbe f\u00fcr Plastik und Dosen und der blaue f\u00fcr Papier. Sperrm\u00fcll wie St\u00fchle, Zeltstangen usw. nehmen wir nicht an.  <\/p>\n<p><strong>Zusammen leben<\/strong><\/p>\n<p>St\u00f6ren Sie andere Camper nicht durch den L\u00e4rm von Radio, Fernsehen oder Ihrer eigenen Stimme. Zwischen 22 Uhr und 8 Uhr sollte Ruhe herrschen. <\/p>\n<p><strong>Hunde <\/strong><\/p>\n<p>Ihr vierbeiniger Freund hat hier nat\u00fcrlich seinen Platz. Aber halten Sie ihn bitte an der Leine. Bitte gehen Sie auf der Stra\u00dfenseite, auf der keine H\u00e4user stehen, damit unsere Nachbarn nicht gest\u00f6rt werden. Kotbeutel f\u00fcr Hunde sind im Gesch\u00e4ft erh\u00e4ltlich. Bitte betreten Sie nicht die Terrassen oder Wiesen der Nachbarn. Eine Hundeauslauffl\u00e4che befindet sich neben dem Eingang zur Rezeption.     <\/p>\n<p><strong>Besucher und\/oder Untermieter<\/strong><\/p>\n<p>Besucher m\u00fcssen sich anmelden. F\u00fcr ihren Aufenthalt wird ein kleiner Beitrag verlangt. Die Untervermietung des Grundst\u00fccks, des Zeltes oder des Wohnwagens oder die kostenlose \u00dcberlassung an andere Personen ist ohne R\u00fccksprache oder klare Absprachen nicht gestattet.  <\/p>\n<p><strong>Pflege des Grases<\/strong><\/p>\n<p>Bitte beachten Sie, dass es nicht erlaubt ist, Plastik- oder Wurzelplanen unter Ihrem Zelt\/Vorzelt zu platzieren. Eine Bodenplane ist nat\u00fcrlich erlaubt, jedoch keine doppellagige. Dadurch wird n\u00e4mlich das Gras erstickt und die G\u00e4ste, die nach Ihnen kommen, haben kein Gras mehr.  <\/p>\n<p><strong>Wir w\u00fcnschen Ihnen einen angenehmen Aufenthalt auf unserem Campingplatz.<\/strong><\/p>\n<p>[\/et_pb_text][\/et_pb_column][\/et_pb_row][\/et_pb_section][et_pb_section fb_built=&#8220;1&#8243; _builder_version=&#8220;4.24.0&#8243; _module_preset=&#8220;default&#8220; background_color=&#8220;#f2f2f2&#8243; custom_padding=&#8220;0px|||||&#8220; global_module=&#8220;713&#8243; saved_tabs=&#8220;all&#8220; locked=&#8220;off&#8220; global_colors_info=&#8220;{}&#8220;][\/et_pb_section]<\/p>\n","protected":false},"excerpt":{"rendered":"<p>CAMPINGREGELNIm Interesse der gew\u00fcnschten Funktionsf\u00e4higkeit unseres Campingplatzes bitten wir Sie, die folgenden Campingregeln zu beachten.Toiletten, Abwasser und Chemikalien Toiletten und Duschen werden gemeinschaftlich genutzt und m\u00fcssen daher in Ordnung gehalten werden. Um Verstopfungen der Abfl\u00fcsse zu vermeiden, werfen Sie keine Abf\u00e4lle, Verb\u00e4nde oder andere feste Materialien in die Waschbecken und Toiletten. Drei Chemietoiletten stehen Ihnen [&hellip;]<\/p>\n","protected":false},"author":3,"featured_media":0,"parent":0,"menu_order":0,"comment_status":"closed","ping_status":"closed","template":"","meta":{"_et_pb_use_builder":"on","_et_pb_old_content":"","_et_gb_content_width":"","footnotes":""},"class_list":["post-4213","page","type-page","status-publish","hentry"],"yoast_head":"<!-- This site is optimized with the Yoast SEO plugin v27.3 - https:\/\/yoast.com\/product\/yoast-seo-wordpress\/ -->\n<title>Campingregeln - Camping Krounebierg<\/title>\n<meta name=\"robots\" content=\"index, follow, max-snippet:-1, max-image-preview:large, max-video-preview:-1\" \/>\n<link rel=\"canonical\" href=\"https:\/\/campingkrounebierg.lu\/de\/campingregeln\/\" \/>\n<meta property=\"og:locale\" content=\"de_DE\" \/>\n<meta property=\"og:type\" content=\"article\" \/>\n<meta property=\"og:title\" content=\"Campingregeln - Camping Krounebierg\" \/>\n<meta property=\"og:description\" content=\"CAMPINGREGELNIm Interesse der gew\u00fcnschten Funktionsf\u00e4higkeit unseres Campingplatzes bitten wir Sie, die folgenden Campingregeln zu beachten.Toiletten, Abwasser und Chemikalien Toiletten und Duschen werden gemeinschaftlich genutzt und m\u00fcssen daher in Ordnung gehalten werden. Um Verstopfungen der Abfl\u00fcsse zu vermeiden, werfen Sie keine Abf\u00e4lle, Verb\u00e4nde oder andere feste Materialien in die Waschbecken und Toiletten. Drei Chemietoiletten stehen Ihnen [&hellip;]\" \/>\n<meta property=\"og:url\" content=\"https:\/\/campingkrounebierg.lu\/de\/campingregeln\/\" \/>\n<meta property=\"og:site_name\" content=\"Camping Krounebierg\" \/>\n<meta property=\"article:publisher\" content=\"https:\/\/www.facebook.com\/krounebierg\" \/>\n<meta property=\"article:modified_time\" content=\"2025-04-28T08:40:53+00:00\" \/>\n<meta name=\"twitter:card\" content=\"summary_large_image\" \/>\n<meta name=\"twitter:label1\" content=\"Gesch\u00e4tzte Lesezeit\" \/>\n\t<meta name=\"twitter:data1\" content=\"3\u00a0Minuten\" \/>\n<script type=\"application\/ld+json\" class=\"yoast-schema-graph\">{\"@context\":\"https:\\\/\\\/schema.org\",\"@graph\":[{\"@type\":\"WebPage\",\"@id\":\"https:\\\/\\\/campingkrounebierg.lu\\\/de\\\/campingregeln\\\/\",\"url\":\"https:\\\/\\\/campingkrounebierg.lu\\\/de\\\/campingregeln\\\/\",\"name\":\"Campingregeln - Camping Krounebierg\",\"isPartOf\":{\"@id\":\"https:\\\/\\\/campingkrounebierg.lu\\\/de\\\/#website\"},\"datePublished\":\"2025-04-28T08:29:30+00:00\",\"dateModified\":\"2025-04-28T08:40:53+00:00\",\"breadcrumb\":{\"@id\":\"https:\\\/\\\/campingkrounebierg.lu\\\/de\\\/campingregeln\\\/#breadcrumb\"},\"inLanguage\":\"de\",\"potentialAction\":[{\"@type\":\"ReadAction\",\"target\":[\"https:\\\/\\\/campingkrounebierg.lu\\\/de\\\/campingregeln\\\/\"]}]},{\"@type\":\"BreadcrumbList\",\"@id\":\"https:\\\/\\\/campingkrounebierg.lu\\\/de\\\/campingregeln\\\/#breadcrumb\",\"itemListElement\":[{\"@type\":\"ListItem\",\"position\":1,\"name\":\"Home\",\"item\":\"https:\\\/\\\/campingkrounebierg.lu\\\/de\\\/startseite\\\/\"},{\"@type\":\"ListItem\",\"position\":2,\"name\":\"Campingregeln\"}]},{\"@type\":\"WebSite\",\"@id\":\"https:\\\/\\\/campingkrounebierg.lu\\\/de\\\/#website\",\"url\":\"https:\\\/\\\/campingkrounebierg.lu\\\/de\\\/\",\"name\":\"Camping Krounebierg\",\"description\":\"\",\"publisher\":{\"@id\":\"https:\\\/\\\/campingkrounebierg.lu\\\/de\\\/#organization\"},\"potentialAction\":[{\"@type\":\"SearchAction\",\"target\":{\"@type\":\"EntryPoint\",\"urlTemplate\":\"https:\\\/\\\/campingkrounebierg.lu\\\/de\\\/?s={search_term_string}\"},\"query-input\":{\"@type\":\"PropertyValueSpecification\",\"valueRequired\":true,\"valueName\":\"search_term_string\"}}],\"inLanguage\":\"de\"},{\"@type\":\"Organization\",\"@id\":\"https:\\\/\\\/campingkrounebierg.lu\\\/de\\\/#organization\",\"name\":\"Camping Krounebierg\",\"url\":\"https:\\\/\\\/campingkrounebierg.lu\\\/de\\\/\",\"logo\":{\"@type\":\"ImageObject\",\"inLanguage\":\"de\",\"@id\":\"https:\\\/\\\/campingkrounebierg.lu\\\/de\\\/#\\\/schema\\\/logo\\\/image\\\/\",\"url\":\"https:\\\/\\\/campingkrounebierg.lu\\\/wp-content\\\/uploads\\\/ck_logo_header.png\",\"contentUrl\":\"https:\\\/\\\/campingkrounebierg.lu\\\/wp-content\\\/uploads\\\/ck_logo_header.png\",\"width\":459,\"height\":265,\"caption\":\"Camping Krounebierg\"},\"image\":{\"@id\":\"https:\\\/\\\/campingkrounebierg.lu\\\/de\\\/#\\\/schema\\\/logo\\\/image\\\/\"},\"sameAs\":[\"https:\\\/\\\/www.facebook.com\\\/krounebierg\",\"https:\\\/\\\/www.instagram.com\\\/campingkrounebierg\"]}]}<\/script>\n<!-- \/ Yoast SEO plugin. -->","yoast_head_json":{"title":"Campingregeln - Camping Krounebierg","robots":{"index":"index","follow":"follow","max-snippet":"max-snippet:-1","max-image-preview":"max-image-preview:large","max-video-preview":"max-video-preview:-1"},"canonical":"https:\/\/campingkrounebierg.lu\/de\/campingregeln\/","og_locale":"de_DE","og_type":"article","og_title":"Campingregeln - Camping Krounebierg","og_description":"CAMPINGREGELNIm Interesse der gew\u00fcnschten Funktionsf\u00e4higkeit unseres Campingplatzes bitten wir Sie, die folgenden Campingregeln zu beachten.Toiletten, Abwasser und Chemikalien Toiletten und Duschen werden gemeinschaftlich genutzt und m\u00fcssen daher in Ordnung gehalten werden. Um Verstopfungen der Abfl\u00fcsse zu vermeiden, werfen Sie keine Abf\u00e4lle, Verb\u00e4nde oder andere feste Materialien in die Waschbecken und Toiletten. Drei Chemietoiletten stehen Ihnen [&hellip;]","og_url":"https:\/\/campingkrounebierg.lu\/de\/campingregeln\/","og_site_name":"Camping Krounebierg","article_publisher":"https:\/\/www.facebook.com\/krounebierg","article_modified_time":"2025-04-28T08:40:53+00:00","twitter_card":"summary_large_image","twitter_misc":{"Gesch\u00e4tzte Lesezeit":"3\u00a0Minuten"},"schema":{"@context":"https:\/\/schema.org","@graph":[{"@type":"WebPage","@id":"https:\/\/campingkrounebierg.lu\/de\/campingregeln\/","url":"https:\/\/campingkrounebierg.lu\/de\/campingregeln\/","name":"Campingregeln - Camping Krounebierg","isPartOf":{"@id":"https:\/\/campingkrounebierg.lu\/de\/#website"},"datePublished":"2025-04-28T08:29:30+00:00","dateModified":"2025-04-28T08:40:53+00:00","breadcrumb":{"@id":"https:\/\/campingkrounebierg.lu\/de\/campingregeln\/#breadcrumb"},"inLanguage":"de","potentialAction":[{"@type":"ReadAction","target":["https:\/\/campingkrounebierg.lu\/de\/campingregeln\/"]}]},{"@type":"BreadcrumbList","@id":"https:\/\/campingkrounebierg.lu\/de\/campingregeln\/#breadcrumb","itemListElement":[{"@type":"ListItem","position":1,"name":"Home","item":"https:\/\/campingkrounebierg.lu\/de\/startseite\/"},{"@type":"ListItem","position":2,"name":"Campingregeln"}]},{"@type":"WebSite","@id":"https:\/\/campingkrounebierg.lu\/de\/#website","url":"https:\/\/campingkrounebierg.lu\/de\/","name":"Camping Krounebierg","description":"","publisher":{"@id":"https:\/\/campingkrounebierg.lu\/de\/#organization"},"potentialAction":[{"@type":"SearchAction","target":{"@type":"EntryPoint","urlTemplate":"https:\/\/campingkrounebierg.lu\/de\/?s={search_term_string}"},"query-input":{"@type":"PropertyValueSpecification","valueRequired":true,"valueName":"search_term_string"}}],"inLanguage":"de"},{"@type":"Organization","@id":"https:\/\/campingkrounebierg.lu\/de\/#organization","name":"Camping Krounebierg","url":"https:\/\/campingkrounebierg.lu\/de\/","logo":{"@type":"ImageObject","inLanguage":"de","@id":"https:\/\/campingkrounebierg.lu\/de\/#\/schema\/logo\/image\/","url":"https:\/\/campingkrounebierg.lu\/wp-content\/uploads\/ck_logo_header.png","contentUrl":"https:\/\/campingkrounebierg.lu\/wp-content\/uploads\/ck_logo_header.png","width":459,"height":265,"caption":"Camping Krounebierg"},"image":{"@id":"https:\/\/campingkrounebierg.lu\/de\/#\/schema\/logo\/image\/"},"sameAs":["https:\/\/www.facebook.com\/krounebierg","https:\/\/www.instagram.com\/campingkrounebierg"]}]}},"_links":{"self":[{"href":"https:\/\/campingkrounebierg.lu\/de\/wp-json\/wp\/v2\/pages\/4213","targetHints":{"allow":["GET"]}}],"collection":[{"href":"https:\/\/campingkrounebierg.lu\/de\/wp-json\/wp\/v2\/pages"}],"about":[{"href":"https:\/\/campingkrounebierg.lu\/de\/wp-json\/wp\/v2\/types\/page"}],"author":[{"embeddable":true,"href":"https:\/\/campingkrounebierg.lu\/de\/wp-json\/wp\/v2\/users\/3"}],"replies":[{"embeddable":true,"href":"https:\/\/campingkrounebierg.lu\/de\/wp-json\/wp\/v2\/comments?post=4213"}],"version-history":[{"count":2,"href":"https:\/\/campingkrounebierg.lu\/de\/wp-json\/wp\/v2\/pages\/4213\/revisions"}],"predecessor-version":[{"id":4215,"href":"https:\/\/campingkrounebierg.lu\/de\/wp-json\/wp\/v2\/pages\/4213\/revisions\/4215"}],"wp:attachment":[{"href":"https:\/\/campingkrounebierg.lu\/de\/wp-json\/wp\/v2\/media?parent=4213"}],"curies":[{"name":"wp","href":"https:\/\/api.w.org\/{rel}","templated":true}]}}